{"id":9,"date":"2023-11-02T23:13:57","date_gmt":"2023-11-03T02:13:57","guid":{"rendered":"https:\/\/devteriaio.com\/index.php\/mesmerize\/"},"modified":"2025-04-29T10:07:34","modified_gmt":"2025-04-29T13:07:34","slug":"mesmerize","status":"publish","type":"page","link":"https:\/\/devteriaio.com\/index.php\/mesmerize\/","title":{"rendered":"Sobre"},"content":{"rendered":"\n<p class=\"has-regular-font-size\">No mundo acelerado em que vivemos, a tecnologia est\u00e1 em constante evolu\u00e7\u00e3o, transformando a maneira como trabalhamos, nos comunicamos e vivemos. Se voc\u00ea \u00e9 um entusiasta da tecnologia, um profissional da \u00e1rea ou simplesmente algu\u00e9m que quer ficar por dentro das \u00faltimas tend\u00eancias, voc\u00ea acabou de encontrar o seu novo destino digital.<\/p>\n\n\n\n<p class=\"has-regular-font-size\">Aqui, mergulhamos fundo no universo tech para trazer at\u00e9 voc\u00ea as <strong>dicas mais \u00fateis<\/strong>, os <strong>tutoriais mais pr\u00e1ticos<\/strong> e as <strong>novidades mais quentes<\/strong> do momento. Queremos ajud\u00e1-lo a descomplicar a tecnologia, seja para otimizar seu dia a dia, explorar novas ferramentas ou simplesmente se manter atualizado sobre o que est\u00e1 revolucionando o mercado.<\/p>\n\n\n\n<p class=\"has-regular-font-size\">No <strong>Devteria<\/strong>, voc\u00ea encontrar\u00e1:<\/p>\n\n\n\n<ul class=\"wp-block-list\">\n<li class=\"has-regular-font-size\"><strong>Dicas pr\u00e1ticas<\/strong> para aproveitar ao m\u00e1ximo seus dispositivos e aplicativos.<\/li>\n\n\n\n<li class=\"has-regular-font-size\"><strong>An\u00e1lises e reviews<\/strong> dos gadgets e softwares mais recentes.<\/li>\n\n\n\n<li class=\"has-regular-font-size\"><strong>Tutoriais passo a passo<\/strong> para resolver problemas comuns e explorar funcionalidades avan\u00e7adas.<\/li>\n\n\n\n<li class=\"has-regular-font-size\"><strong>Not\u00edcias fresquinhas<\/strong> sobre inova\u00e7\u00f5es, lan\u00e7amentos e tend\u00eancias que est\u00e3o moldando o futuro.<\/li>\n<\/ul>\n\n\n\n<p class=\"has-regular-font-size\">Nosso objetivo \u00e9 ser o seu parceiro de confian\u00e7a nessa jornada tecnol\u00f3gica, oferecendo conte\u00fado relevante, acess\u00edvel e, claro, com um toque de divers\u00e3o. Afinal, a tecnologia n\u00e3o precisa ser complicada \u2013 ela pode (e deve!) ser empolgante e inspiradora.<\/p>\n\n\n\n<p class=\"has-regular-font-size\">Ent\u00e3o, prepare-se para explorar, aprender e se surpreender. O futuro est\u00e1 aqui, e ele \u00e9 mais incr\u00edvel do que nunca. Vamos juntos nessa aventura tech?<\/p>\n\n\n\n<p class=\"has-regular-font-size\"><strong>Nos acompanhe e esteja sempre um passo \u00e0 frente!<\/strong><\/p>\n","protected":false},"excerpt":{"rendered":"<p>No mundo acelerado em que vivemos, a tecnologia est\u00e1 em constante evolu\u00e7\u00e3o, transformando a maneira como trabalhamos, nos comunicamos e vivemos. Se voc\u00ea \u00e9 um&#8230;<\/p>\n<div class=\"more-link-wrapper\"><a class=\"more-link\" href=\"https:\/\/devteriaio.com\/index.php\/mesmerize\/\">Continuar leitura<span class=\"screen-reader-text\">Sobre<\/span><\/a><\/div>\n","protected":false},"author":1,"featured_media":75,"parent":0,"menu_order":0,"comment_status":"closed","ping_status":"closed","template":"","meta":{"om_disable_all_campaigns":false,"_uf_show_specific_survey":0,"_uf_disable_surveys":false,"footnotes":""},"class_list":["post-9","page","type-page","status-publish","has-post-thumbnail","hentry","entry"],"yoast_head":"<!-- This site is optimized with the Yoast SEO plugin v26.9 - https:\/\/yoast.com\/product\/yoast-seo-wordpress\/ -->\n<title>Sobre - Devteria.io<\/title>\n<meta name=\"description\" content=\"tecnologia\" \/>\n<meta name=\"robots\" content=\"index, follow, max-snippet:-1, max-image-preview:large, max-video-preview:-1\" \/>\n<link rel=\"canonical\" href=\"https:\/\/devteriaio.com\/index.php\/mesmerize\/\" \/>\n<meta property=\"og:locale\" content=\"pt_BR\" \/>\n<meta property=\"og:type\" content=\"article\" \/>\n<meta property=\"og:title\" content=\"Sobre - Devteria.io\" \/>\n<meta property=\"og:url\" content=\"https:\/\/devteriaio.com\/index.php\/mesmerize\/\" \/>\n<meta property=\"og:site_name\" content=\"Devteria.io\" \/>\n<meta property=\"article:modified_time\" content=\"2025-04-29T13:07:34+00:00\" \/>\n<meta property=\"og:image\" content=\"https:\/\/devteriaio.com\/wp-content\/uploads\/2023\/11\/Software-Engineering-in-Nigeria.jpg\" \/>\n\t<meta property=\"og:image:width\" content=\"744\" \/>\n\t<meta property=\"og:image:height\" content=\"389\" \/>\n\t<meta property=\"og:image:type\" content=\"image\/jpeg\" \/>\n<meta name=\"twitter:card\" content=\"summary_large_image\" \/>\n<meta name=\"twitter:label1\" content=\"Est. tempo de leitura\" \/>\n\t<meta name=\"twitter:data1\" content=\"2 minutos\" \/>\n<script type=\"application\/ld+json\" class=\"yoast-schema-graph\">{\"@context\":\"https:\/\/schema.org\",\"@graph\":[{\"@type\":\"WebPage\",\"@id\":\"https:\/\/devteriaio.com\/index.php\/mesmerize\/\",\"url\":\"https:\/\/devteriaio.com\/index.php\/mesmerize\/\",\"name\":\"Sobre - Devteria.io\",\"isPartOf\":{\"@id\":\"https:\/\/devteriaio.com\/#website\"},\"primaryImageOfPage\":{\"@id\":\"https:\/\/devteriaio.com\/index.php\/mesmerize\/#primaryimage\"},\"image\":{\"@id\":\"https:\/\/devteriaio.com\/index.php\/mesmerize\/#primaryimage\"},\"thumbnailUrl\":\"https:\/\/devteriaio.com\/wp-content\/uploads\/2023\/11\/Software-Engineering-in-Nigeria.jpg\",\"datePublished\":\"2023-11-03T02:13:57+00:00\",\"dateModified\":\"2025-04-29T13:07:34+00:00\",\"description\":\"tecnologia\",\"breadcrumb\":{\"@id\":\"https:\/\/devteriaio.com\/index.php\/mesmerize\/#breadcrumb\"},\"inLanguage\":\"pt-BR\",\"potentialAction\":[{\"@type\":\"ReadAction\",\"target\":[\"https:\/\/devteriaio.com\/index.php\/mesmerize\/\"]}]},{\"@type\":\"ImageObject\",\"inLanguage\":\"pt-BR\",\"@id\":\"https:\/\/devteriaio.com\/index.php\/mesmerize\/#primaryimage\",\"url\":\"https:\/\/devteriaio.com\/wp-content\/uploads\/2023\/11\/Software-Engineering-in-Nigeria.jpg\",\"contentUrl\":\"https:\/\/devteriaio.com\/wp-content\/uploads\/2023\/11\/Software-Engineering-in-Nigeria.jpg\",\"width\":744,\"height\":389},{\"@type\":\"BreadcrumbList\",\"@id\":\"https:\/\/devteriaio.com\/index.php\/mesmerize\/#breadcrumb\",\"itemListElement\":[{\"@type\":\"ListItem\",\"position\":1,\"name\":\"In\u00edcio\",\"item\":\"https:\/\/devteriaio.com\/\"},{\"@type\":\"ListItem\",\"position\":2,\"name\":\"Sobre\"}]},{\"@type\":\"WebSite\",\"@id\":\"https:\/\/devteriaio.com\/#website\",\"url\":\"https:\/\/devteriaio.com\/\",\"name\":\"DEVTERIA.io\",\"description\":\"Seu blog de tecnologia\",\"publisher\":{\"@id\":\"https:\/\/devteriaio.com\/#\/schema\/person\/2d7d984adb6457833fd39737aa53ac66\"},\"potentialAction\":[{\"@type\":\"SearchAction\",\"target\":{\"@type\":\"EntryPoint\",\"urlTemplate\":\"https:\/\/devteriaio.com\/?s={search_term_string}\"},\"query-input\":{\"@type\":\"PropertyValueSpecification\",\"valueRequired\":true,\"valueName\":\"search_term_string\"}}],\"inLanguage\":\"pt-BR\"},{\"@type\":[\"Person\",\"Organization\"],\"@id\":\"https:\/\/devteriaio.com\/#\/schema\/person\/2d7d984adb6457833fd39737aa53ac66\",\"name\":\"Raphael Giusti\",\"image\":{\"@type\":\"ImageObject\",\"inLanguage\":\"pt-BR\",\"@id\":\"https:\/\/devteriaio.com\/#\/schema\/person\/image\/\",\"url\":\"https:\/\/devteriaio.com\/wp-content\/uploads\/2024\/09\/1000000046-edited.png\",\"contentUrl\":\"https:\/\/devteriaio.com\/wp-content\/uploads\/2024\/09\/1000000046-edited.png\",\"width\":500,\"height\":281,\"caption\":\"Raphael Giusti\"},\"logo\":{\"@id\":\"https:\/\/devteriaio.com\/#\/schema\/person\/image\/\"},\"sameAs\":[\"http:\/\/devteriaio.com\"]}]}<\/script>\n<!-- \/ Yoast SEO plugin. -->","yoast_head_json":{"title":"Sobre - Devteria.io","description":"tecnologia","robots":{"index":"index","follow":"follow","max-snippet":"max-snippet:-1","max-image-preview":"max-image-preview:large","max-video-preview":"max-video-preview:-1"},"canonical":"https:\/\/devteriaio.com\/index.php\/mesmerize\/","og_locale":"pt_BR","og_type":"article","og_title":"Sobre - Devteria.io","og_url":"https:\/\/devteriaio.com\/index.php\/mesmerize\/","og_site_name":"Devteria.io","article_modified_time":"2025-04-29T13:07:34+00:00","og_image":[{"width":744,"height":389,"url":"https:\/\/devteriaio.com\/wp-content\/uploads\/2023\/11\/Software-Engineering-in-Nigeria.jpg","type":"image\/jpeg"}],"twitter_card":"summary_large_image","twitter_misc":{"Est. tempo de leitura":"2 minutos"},"schema":{"@context":"https:\/\/schema.org","@graph":[{"@type":"WebPage","@id":"https:\/\/devteriaio.com\/index.php\/mesmerize\/","url":"https:\/\/devteriaio.com\/index.php\/mesmerize\/","name":"Sobre - Devteria.io","isPartOf":{"@id":"https:\/\/devteriaio.com\/#website"},"primaryImageOfPage":{"@id":"https:\/\/devteriaio.com\/index.php\/mesmerize\/#primaryimage"},"image":{"@id":"https:\/\/devteriaio.com\/index.php\/mesmerize\/#primaryimage"},"thumbnailUrl":"https:\/\/devteriaio.com\/wp-content\/uploads\/2023\/11\/Software-Engineering-in-Nigeria.jpg","datePublished":"2023-11-03T02:13:57+00:00","dateModified":"2025-04-29T13:07:34+00:00","description":"tecnologia","breadcrumb":{"@id":"https:\/\/devteriaio.com\/index.php\/mesmerize\/#breadcrumb"},"inLanguage":"pt-BR","potentialAction":[{"@type":"ReadAction","target":["https:\/\/devteriaio.com\/index.php\/mesmerize\/"]}]},{"@type":"ImageObject","inLanguage":"pt-BR","@id":"https:\/\/devteriaio.com\/index.php\/mesmerize\/#primaryimage","url":"https:\/\/devteriaio.com\/wp-content\/uploads\/2023\/11\/Software-Engineering-in-Nigeria.jpg","contentUrl":"https:\/\/devteriaio.com\/wp-content\/uploads\/2023\/11\/Software-Engineering-in-Nigeria.jpg","width":744,"height":389},{"@type":"BreadcrumbList","@id":"https:\/\/devteriaio.com\/index.php\/mesmerize\/#breadcrumb","itemListElement":[{"@type":"ListItem","position":1,"name":"In\u00edcio","item":"https:\/\/devteriaio.com\/"},{"@type":"ListItem","position":2,"name":"Sobre"}]},{"@type":"WebSite","@id":"https:\/\/devteriaio.com\/#website","url":"https:\/\/devteriaio.com\/","name":"DEVTERIA.io","description":"Seu blog de tecnologia","publisher":{"@id":"https:\/\/devteriaio.com\/#\/schema\/person\/2d7d984adb6457833fd39737aa53ac66"},"potentialAction":[{"@type":"SearchAction","target":{"@type":"EntryPoint","urlTemplate":"https:\/\/devteriaio.com\/?s={search_term_string}"},"query-input":{"@type":"PropertyValueSpecification","valueRequired":true,"valueName":"search_term_string"}}],"inLanguage":"pt-BR"},{"@type":["Person","Organization"],"@id":"https:\/\/devteriaio.com\/#\/schema\/person\/2d7d984adb6457833fd39737aa53ac66","name":"Raphael Giusti","image":{"@type":"ImageObject","inLanguage":"pt-BR","@id":"https:\/\/devteriaio.com\/#\/schema\/person\/image\/","url":"https:\/\/devteriaio.com\/wp-content\/uploads\/2024\/09\/1000000046-edited.png","contentUrl":"https:\/\/devteriaio.com\/wp-content\/uploads\/2024\/09\/1000000046-edited.png","width":500,"height":281,"caption":"Raphael Giusti"},"logo":{"@id":"https:\/\/devteriaio.com\/#\/schema\/person\/image\/"},"sameAs":["http:\/\/devteriaio.com"]}]}},"_links":{"self":[{"href":"https:\/\/devteriaio.com\/index.php\/wp-json\/wp\/v2\/pages\/9","targetHints":{"allow":["GET"]}}],"collection":[{"href":"https:\/\/devteriaio.com\/index.php\/wp-json\/wp\/v2\/pages"}],"about":[{"href":"https:\/\/devteriaio.com\/index.php\/wp-json\/wp\/v2\/types\/page"}],"author":[{"embeddable":true,"href":"https:\/\/devteriaio.com\/index.php\/wp-json\/wp\/v2\/users\/1"}],"replies":[{"embeddable":true,"href":"https:\/\/devteriaio.com\/index.php\/wp-json\/wp\/v2\/comments?post=9"}],"version-history":[{"count":28,"href":"https:\/\/devteriaio.com\/index.php\/wp-json\/wp\/v2\/pages\/9\/revisions"}],"predecessor-version":[{"id":233,"href":"https:\/\/devteriaio.com\/index.php\/wp-json\/wp\/v2\/pages\/9\/revisions\/233"}],"wp:featuredmedia":[{"embeddable":true,"href":"https:\/\/devteriaio.com\/index.php\/wp-json\/wp\/v2\/media\/75"}],"wp:attachment":[{"href":"https:\/\/devteriaio.com\/index.php\/wp-json\/wp\/v2\/media?parent=9"}],"curies":[{"name":"wp","href":"https:\/\/api.w.org\/{rel}","templated":true}]}}